{"id":5704,"date":"2022-11-10T09:09:00","date_gmt":"2022-11-10T09:09:00","guid":{"rendered":"https:\/\/memelwood.com\/product\/akrilo-kvadratine-masazine-vonia-su-isoriniu-sildytuvu\/"},"modified":"2025-12-16T10:43:52","modified_gmt":"2025-12-16T08:43:52","slug":"kvadratinis-akrilo-kubilas-su-isorine-krosnele","status":"publish","type":"product","link":"https:\/\/memelwood.com\/lt\/produktas\/kvadratinis-akrilo-kubilas-su-isorine-krosnele\/","title":{"rendered":"Kvadratinis akrilo kubilas su i\u0161orine krosnele"},"content":{"rendered":"","protected":false},"excerpt":{"rendered":"","protected":false},"featured_media":5098,"comment_status":"open","ping_status":"closed","template":"","meta":[],"product_cat":[88,89,93,87],"product_tag":[],"class_list":{"0":"post-5704","1":"product","2":"type-product","3":"status-publish","4":"has-post-thumbnail","6":"product_cat-akrilo-kubilai","7":"product_cat-elektriniai-kubilai","8":"product_cat-kvadratiniai-kubilai","9":"product_cat-visi-kubilai","10":"tm-has-options","12":"first","13":"instock","14":"taxable","15":"shipping-taxable","16":"purchasable","17":"product-type-simple"},"yoast_head":"<!-- This site is optimized with the Yoast SEO plugin v24.6 - https:\/\/yoast.com\/wordpress\/plugins\/seo\/ -->\n<title>Kvadratinis akrilo kubilas su i\u0161orine krosnele<\/title>\n<meta name=\"description\" content=\"Pasirinkite modern\u0173 kvadratin\u012f kubil\u0105, kuris i\u0161siskiria i\u0161 tradicini\u0173 apvali\u0173 modeli\u0173. I\u0161or\u0117je \u012frengta krosnel\u0117 suteikia daugiau vietos viduje, tod\u0117l kubilas gali patogiai talpinti daugiau \u017emoni\u0173, u\u017etikrinant erdvum\u0105 ir komfort\u0105 visiems, kurie juo m\u0117gaujasi.\" \/>\n<meta name=\"robots\" content=\"index, follow, max-snippet:-1, max-image-preview:large, max-video-preview:-1\" \/>\n<link rel=\"canonical\" href=\"https:\/\/memelwood.com\/lt\/produktas\/kvadratinis-akrilo-kubilas-su-isorine-krosnele\/\" \/>\n<meta property=\"og:locale\" content=\"lt_LT\" \/>\n<meta property=\"og:type\" content=\"article\" \/>\n<meta property=\"og:title\" content=\"Kvadratinis akrilo kubilas su i\u0161orine krosnele\" \/>\n<meta property=\"og:description\" content=\"Pasirinkite modern\u0173 kvadratin\u012f kubil\u0105, kuris i\u0161siskiria i\u0161 tradicini\u0173 apvali\u0173 modeli\u0173. I\u0161or\u0117je \u012frengta krosnel\u0117 suteikia daugiau vietos viduje, tod\u0117l kubilas gali patogiai talpinti daugiau \u017emoni\u0173, u\u017etikrinant erdvum\u0105 ir komfort\u0105 visiems, kurie juo m\u0117gaujasi.\" \/>\n<meta property=\"og:url\" content=\"https:\/\/memelwood.com\/lt\/produktas\/kvadratinis-akrilo-kubilas-su-isorine-krosnele\/\" \/>\n<meta property=\"og:site_name\" content=\"Memelwood\" \/>\n<meta property=\"article:modified_time\" content=\"2025-12-16T08:43:52+00:00\" \/>\n<meta property=\"og:image\" content=\"https:\/\/memelwood.com\/wp-content\/uploads\/2022\/11\/Rectangular_External_Thermowood_white.png\" \/>\n\t<meta property=\"og:image:width\" content=\"2000\" \/>\n\t<meta property=\"og:image:height\" content=\"2000\" \/>\n\t<meta property=\"og:image:type\" content=\"image\/png\" \/>\n<meta name=\"twitter:card\" content=\"summary_large_image\" \/>\n<script type=\"application\/ld+json\" class=\"yoast-schema-graph\">{\"@context\":\"https:\/\/schema.org\",\"@graph\":[{\"@type\":\"WebPage\",\"@id\":\"https:\/\/memelwood.com\/lt\/produktas\/kvadratinis-akrilo-kubilas-su-isorine-krosnele\/\",\"url\":\"https:\/\/memelwood.com\/lt\/produktas\/kvadratinis-akrilo-kubilas-su-isorine-krosnele\/\",\"name\":\"Kvadratinis akrilo kubilas su i\u0161orine krosnele\",\"isPartOf\":{\"@id\":\"https:\/\/memelwood.com\/lt\/#website\"},\"primaryImageOfPage\":{\"@id\":\"https:\/\/memelwood.com\/lt\/produktas\/kvadratinis-akrilo-kubilas-su-isorine-krosnele\/#primaryimage\"},\"image\":{\"@id\":\"https:\/\/memelwood.com\/lt\/produktas\/kvadratinis-akrilo-kubilas-su-isorine-krosnele\/#primaryimage\"},\"thumbnailUrl\":\"https:\/\/memelwood.com\/wp-content\/uploads\/2022\/11\/Rectangular_External_Thermowood_white.png\",\"datePublished\":\"2022-11-10T09:09:00+00:00\",\"dateModified\":\"2025-12-16T08:43:52+00:00\",\"description\":\"Pasirinkite modern\u0173 kvadratin\u012f kubil\u0105, kuris i\u0161siskiria i\u0161 tradicini\u0173 apvali\u0173 modeli\u0173. I\u0161or\u0117je \u012frengta krosnel\u0117 suteikia daugiau vietos viduje, tod\u0117l kubilas gali patogiai talpinti daugiau \u017emoni\u0173, u\u017etikrinant erdvum\u0105 ir komfort\u0105 visiems, kurie juo m\u0117gaujasi.\",\"breadcrumb\":{\"@id\":\"https:\/\/memelwood.com\/lt\/produktas\/kvadratinis-akrilo-kubilas-su-isorine-krosnele\/#breadcrumb\"},\"inLanguage\":\"lt-LT\",\"potentialAction\":[{\"@type\":\"ReadAction\",\"target\":[\"https:\/\/memelwood.com\/lt\/produktas\/kvadratinis-akrilo-kubilas-su-isorine-krosnele\/\"]}]},{\"@type\":\"ImageObject\",\"inLanguage\":\"lt-LT\",\"@id\":\"https:\/\/memelwood.com\/lt\/produktas\/kvadratinis-akrilo-kubilas-su-isorine-krosnele\/#primaryimage\",\"url\":\"https:\/\/memelwood.com\/wp-content\/uploads\/2022\/11\/Rectangular_External_Thermowood_white.png\",\"contentUrl\":\"https:\/\/memelwood.com\/wp-content\/uploads\/2022\/11\/Rectangular_External_Thermowood_white.png\",\"width\":2000,\"height\":2000},{\"@type\":\"BreadcrumbList\",\"@id\":\"https:\/\/memelwood.com\/lt\/produktas\/kvadratinis-akrilo-kubilas-su-isorine-krosnele\/#breadcrumb\",\"itemListElement\":[{\"@type\":\"ListItem\",\"position\":1,\"name\":\"Strona g\u0142\u00f3wna\",\"item\":\"https:\/\/memelwood.com\/lt\/\"},{\"@type\":\"ListItem\",\"position\":2,\"name\":\"Produktai\",\"item\":\"https:\/\/memelwood.com\/lt\/shop\/\"},{\"@type\":\"ListItem\",\"position\":3,\"name\":\"Kvadratinis akrilo kubilas su i\u0161orine krosnele\"}]},{\"@type\":\"WebSite\",\"@id\":\"https:\/\/memelwood.com\/lt\/#website\",\"url\":\"https:\/\/memelwood.com\/lt\/\",\"name\":\"Memelwood\",\"description\":\"Hot Tubs Factory\",\"publisher\":{\"@id\":\"https:\/\/memelwood.com\/lt\/#organization\"},\"potentialAction\":[{\"@type\":\"SearchAction\",\"target\":{\"@type\":\"EntryPoint\",\"urlTemplate\":\"https:\/\/memelwood.com\/lt\/?s={search_term_string}\"},\"query-input\":{\"@type\":\"PropertyValueSpecification\",\"valueRequired\":true,\"valueName\":\"search_term_string\"}}],\"inLanguage\":\"lt-LT\"},{\"@type\":\"Organization\",\"@id\":\"https:\/\/memelwood.com\/lt\/#organization\",\"name\":\"MemelWood\",\"url\":\"https:\/\/memelwood.com\/lt\/\",\"logo\":{\"@type\":\"ImageObject\",\"inLanguage\":\"lt-LT\",\"@id\":\"https:\/\/memelwood.com\/lt\/#\/schema\/logo\/image\/\",\"url\":\"https:\/\/memelwood.com\/wp-content\/uploads\/2025\/02\/cropped-MemelWood-juodas-logo.png\",\"contentUrl\":\"https:\/\/memelwood.com\/wp-content\/uploads\/2025\/02\/cropped-MemelWood-juodas-logo.png\",\"width\":512,\"height\":512,\"caption\":\"MemelWood\"},\"image\":{\"@id\":\"https:\/\/memelwood.com\/lt\/#\/schema\/logo\/image\/\"}}]}<\/script>\n<!-- \/ Yoast SEO plugin. -->","yoast_head_json":{"title":"Kvadratinis akrilo kubilas su i\u0161orine krosnele","description":"Pasirinkite modern\u0173 kvadratin\u012f kubil\u0105, kuris i\u0161siskiria i\u0161 tradicini\u0173 apvali\u0173 modeli\u0173. I\u0161or\u0117je \u012frengta krosnel\u0117 suteikia daugiau vietos viduje, tod\u0117l kubilas gali patogiai talpinti daugiau \u017emoni\u0173, u\u017etikrinant erdvum\u0105 ir komfort\u0105 visiems, kurie juo m\u0117gaujasi.","robots":{"index":"index","follow":"follow","max-snippet":"max-snippet:-1","max-image-preview":"max-image-preview:large","max-video-preview":"max-video-preview:-1"},"canonical":"https:\/\/memelwood.com\/lt\/produktas\/kvadratinis-akrilo-kubilas-su-isorine-krosnele\/","og_locale":"lt_LT","og_type":"article","og_title":"Kvadratinis akrilo kubilas su i\u0161orine krosnele","og_description":"Pasirinkite modern\u0173 kvadratin\u012f kubil\u0105, kuris i\u0161siskiria i\u0161 tradicini\u0173 apvali\u0173 modeli\u0173. I\u0161or\u0117je \u012frengta krosnel\u0117 suteikia daugiau vietos viduje, tod\u0117l kubilas gali patogiai talpinti daugiau \u017emoni\u0173, u\u017etikrinant erdvum\u0105 ir komfort\u0105 visiems, kurie juo m\u0117gaujasi.","og_url":"https:\/\/memelwood.com\/lt\/produktas\/kvadratinis-akrilo-kubilas-su-isorine-krosnele\/","og_site_name":"Memelwood","article_modified_time":"2025-12-16T08:43:52+00:00","og_image":[{"width":2000,"height":2000,"url":"https:\/\/memelwood.com\/wp-content\/uploads\/2022\/11\/Rectangular_External_Thermowood_white.png","type":"image\/png"}],"twitter_card":"summary_large_image","schema":{"@context":"https:\/\/schema.org","@graph":[{"@type":"WebPage","@id":"https:\/\/memelwood.com\/lt\/produktas\/kvadratinis-akrilo-kubilas-su-isorine-krosnele\/","url":"https:\/\/memelwood.com\/lt\/produktas\/kvadratinis-akrilo-kubilas-su-isorine-krosnele\/","name":"Kvadratinis akrilo kubilas su i\u0161orine krosnele","isPartOf":{"@id":"https:\/\/memelwood.com\/lt\/#website"},"primaryImageOfPage":{"@id":"https:\/\/memelwood.com\/lt\/produktas\/kvadratinis-akrilo-kubilas-su-isorine-krosnele\/#primaryimage"},"image":{"@id":"https:\/\/memelwood.com\/lt\/produktas\/kvadratinis-akrilo-kubilas-su-isorine-krosnele\/#primaryimage"},"thumbnailUrl":"https:\/\/memelwood.com\/wp-content\/uploads\/2022\/11\/Rectangular_External_Thermowood_white.png","datePublished":"2022-11-10T09:09:00+00:00","dateModified":"2025-12-16T08:43:52+00:00","description":"Pasirinkite modern\u0173 kvadratin\u012f kubil\u0105, kuris i\u0161siskiria i\u0161 tradicini\u0173 apvali\u0173 modeli\u0173. I\u0161or\u0117je \u012frengta krosnel\u0117 suteikia daugiau vietos viduje, tod\u0117l kubilas gali patogiai talpinti daugiau \u017emoni\u0173, u\u017etikrinant erdvum\u0105 ir komfort\u0105 visiems, kurie juo m\u0117gaujasi.","breadcrumb":{"@id":"https:\/\/memelwood.com\/lt\/produktas\/kvadratinis-akrilo-kubilas-su-isorine-krosnele\/#breadcrumb"},"inLanguage":"lt-LT","potentialAction":[{"@type":"ReadAction","target":["https:\/\/memelwood.com\/lt\/produktas\/kvadratinis-akrilo-kubilas-su-isorine-krosnele\/"]}]},{"@type":"ImageObject","inLanguage":"lt-LT","@id":"https:\/\/memelwood.com\/lt\/produktas\/kvadratinis-akrilo-kubilas-su-isorine-krosnele\/#primaryimage","url":"https:\/\/memelwood.com\/wp-content\/uploads\/2022\/11\/Rectangular_External_Thermowood_white.png","contentUrl":"https:\/\/memelwood.com\/wp-content\/uploads\/2022\/11\/Rectangular_External_Thermowood_white.png","width":2000,"height":2000},{"@type":"BreadcrumbList","@id":"https:\/\/memelwood.com\/lt\/produktas\/kvadratinis-akrilo-kubilas-su-isorine-krosnele\/#breadcrumb","itemListElement":[{"@type":"ListItem","position":1,"name":"Strona g\u0142\u00f3wna","item":"https:\/\/memelwood.com\/lt\/"},{"@type":"ListItem","position":2,"name":"Produktai","item":"https:\/\/memelwood.com\/lt\/shop\/"},{"@type":"ListItem","position":3,"name":"Kvadratinis akrilo kubilas su i\u0161orine krosnele"}]},{"@type":"WebSite","@id":"https:\/\/memelwood.com\/lt\/#website","url":"https:\/\/memelwood.com\/lt\/","name":"Memelwood","description":"Hot Tubs Factory","publisher":{"@id":"https:\/\/memelwood.com\/lt\/#organization"},"potentialAction":[{"@type":"SearchAction","target":{"@type":"EntryPoint","urlTemplate":"https:\/\/memelwood.com\/lt\/?s={search_term_string}"},"query-input":{"@type":"PropertyValueSpecification","valueRequired":true,"valueName":"search_term_string"}}],"inLanguage":"lt-LT"},{"@type":"Organization","@id":"https:\/\/memelwood.com\/lt\/#organization","name":"MemelWood","url":"https:\/\/memelwood.com\/lt\/","logo":{"@type":"ImageObject","inLanguage":"lt-LT","@id":"https:\/\/memelwood.com\/lt\/#\/schema\/logo\/image\/","url":"https:\/\/memelwood.com\/wp-content\/uploads\/2025\/02\/cropped-MemelWood-juodas-logo.png","contentUrl":"https:\/\/memelwood.com\/wp-content\/uploads\/2025\/02\/cropped-MemelWood-juodas-logo.png","width":512,"height":512,"caption":"MemelWood"},"image":{"@id":"https:\/\/memelwood.com\/lt\/#\/schema\/logo\/image\/"}}]}},"_links":{"self":[{"href":"https:\/\/memelwood.com\/lt\/wp-json\/wp\/v2\/product\/5704","targetHints":{"allow":["GET"]}}],"collection":[{"href":"https:\/\/memelwood.com\/lt\/wp-json\/wp\/v2\/product"}],"about":[{"href":"https:\/\/memelwood.com\/lt\/wp-json\/wp\/v2\/types\/product"}],"replies":[{"embeddable":true,"href":"https:\/\/memelwood.com\/lt\/wp-json\/wp\/v2\/comments?post=5704"}],"wp:featuredmedia":[{"embeddable":true,"href":"https:\/\/memelwood.com\/lt\/wp-json\/wp\/v2\/media\/5098"}],"wp:attachment":[{"href":"https:\/\/memelwood.com\/lt\/wp-json\/wp\/v2\/media?parent=5704"}],"wp:term":[{"taxonomy":"product_cat","embeddable":true,"href":"https:\/\/memelwood.com\/lt\/wp-json\/wp\/v2\/product_cat?post=5704"},{"taxonomy":"product_tag","embeddable":true,"href":"https:\/\/memelwood.com\/lt\/wp-json\/wp\/v2\/product_tag?post=5704"}],"curies":[{"name":"wp","href":"https:\/\/api.w.org\/{rel}","templated":true}]}}