{"id":5326,"date":"2023-07-26T10:22:48","date_gmt":"2023-07-26T07:22:48","guid":{"rendered":"https:\/\/memelwood.com\/product\/akrilinis-kvadratinis-kubilas-su-integruotu-sildytuvu\/"},"modified":"2025-12-16T10:15:39","modified_gmt":"2025-12-16T08:15:39","slug":"kvadratinis-akrilo-kubilas-su-integruota-krosnele","status":"publish","type":"product","link":"https:\/\/memelwood.com\/lt\/produktas\/kvadratinis-akrilo-kubilas-su-integruota-krosnele\/","title":{"rendered":"Kvadratinis akrilo kubilas su integruota krosnele"},"content":{"rendered":"","protected":false},"excerpt":{"rendered":"","protected":false},"featured_media":5354,"comment_status":"open","ping_status":"closed","template":"","meta":[],"product_cat":[88,89,93,87],"product_tag":[],"class_list":{"0":"post-5326","1":"product","2":"type-product","3":"status-publish","4":"has-post-thumbnail","6":"product_cat-akrilo-kubilai","7":"product_cat-elektriniai-kubilai","8":"product_cat-kvadratiniai-kubilai","9":"product_cat-visi-kubilai","10":"tm-has-options","12":"first","13":"instock","14":"taxable","15":"shipping-taxable","16":"purchasable","17":"product-type-simple"},"yoast_head":"<!-- This site is optimized with the Yoast SEO plugin v24.6 - https:\/\/yoast.com\/wordpress\/plugins\/seo\/ -->\n<title>Kvadratinis akrilo kubilas su integruota krosnele<\/title>\n<meta name=\"description\" content=\"Suteikite savo lauko erdvei modern\u0173 akcent\u0105 su unikaliu kvadrato formos kubilu, kurio dizainas i\u0161siskiria i\u0161 \u012fprast\u0173 apvali\u0173 modeli\u0173. \u0160is kubilas puikiai tinka patogiai s\u0117d\u0117ti tiek prie tiesi\u0173 sien\u0173, tiek jaukiuose kampuose, u\u017etikrinant patogum\u0105 ir komfort\u0105 visiems, kurie juo naudojasi.\" \/>\n<meta name=\"robots\" content=\"index, follow, max-snippet:-1, max-image-preview:large, max-video-preview:-1\" \/>\n<link rel=\"canonical\" href=\"https:\/\/memelwood.com\/lt\/produktas\/kvadratinis-akrilo-kubilas-su-integruota-krosnele\/\" \/>\n<meta property=\"og:locale\" content=\"lt_LT\" \/>\n<meta property=\"og:type\" content=\"article\" \/>\n<meta property=\"og:title\" content=\"Kvadratinis akrilo kubilas su integruota krosnele\" \/>\n<meta property=\"og:description\" content=\"Suteikite savo lauko erdvei modern\u0173 akcent\u0105 su unikaliu kvadrato formos kubilu, kurio dizainas i\u0161siskiria i\u0161 \u012fprast\u0173 apvali\u0173 modeli\u0173. \u0160is kubilas puikiai tinka patogiai s\u0117d\u0117ti tiek prie tiesi\u0173 sien\u0173, tiek jaukiuose kampuose, u\u017etikrinant patogum\u0105 ir komfort\u0105 visiems, kurie juo naudojasi.\" \/>\n<meta property=\"og:url\" content=\"https:\/\/memelwood.com\/lt\/produktas\/kvadratinis-akrilo-kubilas-su-integruota-krosnele\/\" \/>\n<meta property=\"og:site_name\" content=\"Memelwood\" \/>\n<meta property=\"article:modified_time\" content=\"2025-12-16T08:15:39+00:00\" \/>\n<meta property=\"og:image\" content=\"https:\/\/memelwood.com\/wp-content\/uploads\/2023\/07\/Rectangular_Internal_Thermowood_white.png\" \/>\n\t<meta property=\"og:image:width\" content=\"2000\" \/>\n\t<meta property=\"og:image:height\" content=\"2000\" \/>\n\t<meta property=\"og:image:type\" content=\"image\/png\" \/>\n<meta name=\"twitter:card\" content=\"summary_large_image\" \/>\n<script type=\"application\/ld+json\" class=\"yoast-schema-graph\">{\"@context\":\"https:\/\/schema.org\",\"@graph\":[{\"@type\":\"WebPage\",\"@id\":\"https:\/\/memelwood.com\/lt\/produktas\/kvadratinis-akrilo-kubilas-su-integruota-krosnele\/\",\"url\":\"https:\/\/memelwood.com\/lt\/produktas\/kvadratinis-akrilo-kubilas-su-integruota-krosnele\/\",\"name\":\"Kvadratinis akrilo kubilas su integruota krosnele\",\"isPartOf\":{\"@id\":\"https:\/\/memelwood.com\/lt\/#website\"},\"primaryImageOfPage\":{\"@id\":\"https:\/\/memelwood.com\/lt\/produktas\/kvadratinis-akrilo-kubilas-su-integruota-krosnele\/#primaryimage\"},\"image\":{\"@id\":\"https:\/\/memelwood.com\/lt\/produktas\/kvadratinis-akrilo-kubilas-su-integruota-krosnele\/#primaryimage\"},\"thumbnailUrl\":\"https:\/\/memelwood.com\/wp-content\/uploads\/2023\/07\/Rectangular_Internal_Thermowood_white.png\",\"datePublished\":\"2023-07-26T07:22:48+00:00\",\"dateModified\":\"2025-12-16T08:15:39+00:00\",\"description\":\"Suteikite savo lauko erdvei modern\u0173 akcent\u0105 su unikaliu kvadrato formos kubilu, kurio dizainas i\u0161siskiria i\u0161 \u012fprast\u0173 apvali\u0173 modeli\u0173. \u0160is kubilas puikiai tinka patogiai s\u0117d\u0117ti tiek prie tiesi\u0173 sien\u0173, tiek jaukiuose kampuose, u\u017etikrinant patogum\u0105 ir komfort\u0105 visiems, kurie juo naudojasi.\",\"breadcrumb\":{\"@id\":\"https:\/\/memelwood.com\/lt\/produktas\/kvadratinis-akrilo-kubilas-su-integruota-krosnele\/#breadcrumb\"},\"inLanguage\":\"lt-LT\",\"potentialAction\":[{\"@type\":\"ReadAction\",\"target\":[\"https:\/\/memelwood.com\/lt\/produktas\/kvadratinis-akrilo-kubilas-su-integruota-krosnele\/\"]}]},{\"@type\":\"ImageObject\",\"inLanguage\":\"lt-LT\",\"@id\":\"https:\/\/memelwood.com\/lt\/produktas\/kvadratinis-akrilo-kubilas-su-integruota-krosnele\/#primaryimage\",\"url\":\"https:\/\/memelwood.com\/wp-content\/uploads\/2023\/07\/Rectangular_Internal_Thermowood_white.png\",\"contentUrl\":\"https:\/\/memelwood.com\/wp-content\/uploads\/2023\/07\/Rectangular_Internal_Thermowood_white.png\",\"width\":2000,\"height\":2000},{\"@type\":\"BreadcrumbList\",\"@id\":\"https:\/\/memelwood.com\/lt\/produktas\/kvadratinis-akrilo-kubilas-su-integruota-krosnele\/#breadcrumb\",\"itemListElement\":[{\"@type\":\"ListItem\",\"position\":1,\"name\":\"Strona g\u0142\u00f3wna\",\"item\":\"https:\/\/memelwood.com\/lt\/\"},{\"@type\":\"ListItem\",\"position\":2,\"name\":\"Produktai\",\"item\":\"https:\/\/memelwood.com\/lt\/shop\/\"},{\"@type\":\"ListItem\",\"position\":3,\"name\":\"Kvadratinis akrilo kubilas su integruota krosnele\"}]},{\"@type\":\"WebSite\",\"@id\":\"https:\/\/memelwood.com\/lt\/#website\",\"url\":\"https:\/\/memelwood.com\/lt\/\",\"name\":\"Memelwood\",\"description\":\"Hot Tubs Factory\",\"publisher\":{\"@id\":\"https:\/\/memelwood.com\/lt\/#organization\"},\"potentialAction\":[{\"@type\":\"SearchAction\",\"target\":{\"@type\":\"EntryPoint\",\"urlTemplate\":\"https:\/\/memelwood.com\/lt\/?s={search_term_string}\"},\"query-input\":{\"@type\":\"PropertyValueSpecification\",\"valueRequired\":true,\"valueName\":\"search_term_string\"}}],\"inLanguage\":\"lt-LT\"},{\"@type\":\"Organization\",\"@id\":\"https:\/\/memelwood.com\/lt\/#organization\",\"name\":\"MemelWood\",\"url\":\"https:\/\/memelwood.com\/lt\/\",\"logo\":{\"@type\":\"ImageObject\",\"inLanguage\":\"lt-LT\",\"@id\":\"https:\/\/memelwood.com\/lt\/#\/schema\/logo\/image\/\",\"url\":\"https:\/\/memelwood.com\/wp-content\/uploads\/2025\/02\/cropped-MemelWood-juodas-logo.png\",\"contentUrl\":\"https:\/\/memelwood.com\/wp-content\/uploads\/2025\/02\/cropped-MemelWood-juodas-logo.png\",\"width\":512,\"height\":512,\"caption\":\"MemelWood\"},\"image\":{\"@id\":\"https:\/\/memelwood.com\/lt\/#\/schema\/logo\/image\/\"}}]}<\/script>\n<!-- \/ Yoast SEO plugin. -->","yoast_head_json":{"title":"Kvadratinis akrilo kubilas su integruota krosnele","description":"Suteikite savo lauko erdvei modern\u0173 akcent\u0105 su unikaliu kvadrato formos kubilu, kurio dizainas i\u0161siskiria i\u0161 \u012fprast\u0173 apvali\u0173 modeli\u0173. \u0160is kubilas puikiai tinka patogiai s\u0117d\u0117ti tiek prie tiesi\u0173 sien\u0173, tiek jaukiuose kampuose, u\u017etikrinant patogum\u0105 ir komfort\u0105 visiems, kurie juo naudojasi.","robots":{"index":"index","follow":"follow","max-snippet":"max-snippet:-1","max-image-preview":"max-image-preview:large","max-video-preview":"max-video-preview:-1"},"canonical":"https:\/\/memelwood.com\/lt\/produktas\/kvadratinis-akrilo-kubilas-su-integruota-krosnele\/","og_locale":"lt_LT","og_type":"article","og_title":"Kvadratinis akrilo kubilas su integruota krosnele","og_description":"Suteikite savo lauko erdvei modern\u0173 akcent\u0105 su unikaliu kvadrato formos kubilu, kurio dizainas i\u0161siskiria i\u0161 \u012fprast\u0173 apvali\u0173 modeli\u0173. \u0160is kubilas puikiai tinka patogiai s\u0117d\u0117ti tiek prie tiesi\u0173 sien\u0173, tiek jaukiuose kampuose, u\u017etikrinant patogum\u0105 ir komfort\u0105 visiems, kurie juo naudojasi.","og_url":"https:\/\/memelwood.com\/lt\/produktas\/kvadratinis-akrilo-kubilas-su-integruota-krosnele\/","og_site_name":"Memelwood","article_modified_time":"2025-12-16T08:15:39+00:00","og_image":[{"width":2000,"height":2000,"url":"https:\/\/memelwood.com\/wp-content\/uploads\/2023\/07\/Rectangular_Internal_Thermowood_white.png","type":"image\/png"}],"twitter_card":"summary_large_image","schema":{"@context":"https:\/\/schema.org","@graph":[{"@type":"WebPage","@id":"https:\/\/memelwood.com\/lt\/produktas\/kvadratinis-akrilo-kubilas-su-integruota-krosnele\/","url":"https:\/\/memelwood.com\/lt\/produktas\/kvadratinis-akrilo-kubilas-su-integruota-krosnele\/","name":"Kvadratinis akrilo kubilas su integruota krosnele","isPartOf":{"@id":"https:\/\/memelwood.com\/lt\/#website"},"primaryImageOfPage":{"@id":"https:\/\/memelwood.com\/lt\/produktas\/kvadratinis-akrilo-kubilas-su-integruota-krosnele\/#primaryimage"},"image":{"@id":"https:\/\/memelwood.com\/lt\/produktas\/kvadratinis-akrilo-kubilas-su-integruota-krosnele\/#primaryimage"},"thumbnailUrl":"https:\/\/memelwood.com\/wp-content\/uploads\/2023\/07\/Rectangular_Internal_Thermowood_white.png","datePublished":"2023-07-26T07:22:48+00:00","dateModified":"2025-12-16T08:15:39+00:00","description":"Suteikite savo lauko erdvei modern\u0173 akcent\u0105 su unikaliu kvadrato formos kubilu, kurio dizainas i\u0161siskiria i\u0161 \u012fprast\u0173 apvali\u0173 modeli\u0173. \u0160is kubilas puikiai tinka patogiai s\u0117d\u0117ti tiek prie tiesi\u0173 sien\u0173, tiek jaukiuose kampuose, u\u017etikrinant patogum\u0105 ir komfort\u0105 visiems, kurie juo naudojasi.","breadcrumb":{"@id":"https:\/\/memelwood.com\/lt\/produktas\/kvadratinis-akrilo-kubilas-su-integruota-krosnele\/#breadcrumb"},"inLanguage":"lt-LT","potentialAction":[{"@type":"ReadAction","target":["https:\/\/memelwood.com\/lt\/produktas\/kvadratinis-akrilo-kubilas-su-integruota-krosnele\/"]}]},{"@type":"ImageObject","inLanguage":"lt-LT","@id":"https:\/\/memelwood.com\/lt\/produktas\/kvadratinis-akrilo-kubilas-su-integruota-krosnele\/#primaryimage","url":"https:\/\/memelwood.com\/wp-content\/uploads\/2023\/07\/Rectangular_Internal_Thermowood_white.png","contentUrl":"https:\/\/memelwood.com\/wp-content\/uploads\/2023\/07\/Rectangular_Internal_Thermowood_white.png","width":2000,"height":2000},{"@type":"BreadcrumbList","@id":"https:\/\/memelwood.com\/lt\/produktas\/kvadratinis-akrilo-kubilas-su-integruota-krosnele\/#breadcrumb","itemListElement":[{"@type":"ListItem","position":1,"name":"Strona g\u0142\u00f3wna","item":"https:\/\/memelwood.com\/lt\/"},{"@type":"ListItem","position":2,"name":"Produktai","item":"https:\/\/memelwood.com\/lt\/shop\/"},{"@type":"ListItem","position":3,"name":"Kvadratinis akrilo kubilas su integruota krosnele"}]},{"@type":"WebSite","@id":"https:\/\/memelwood.com\/lt\/#website","url":"https:\/\/memelwood.com\/lt\/","name":"Memelwood","description":"Hot Tubs Factory","publisher":{"@id":"https:\/\/memelwood.com\/lt\/#organization"},"potentialAction":[{"@type":"SearchAction","target":{"@type":"EntryPoint","urlTemplate":"https:\/\/memelwood.com\/lt\/?s={search_term_string}"},"query-input":{"@type":"PropertyValueSpecification","valueRequired":true,"valueName":"search_term_string"}}],"inLanguage":"lt-LT"},{"@type":"Organization","@id":"https:\/\/memelwood.com\/lt\/#organization","name":"MemelWood","url":"https:\/\/memelwood.com\/lt\/","logo":{"@type":"ImageObject","inLanguage":"lt-LT","@id":"https:\/\/memelwood.com\/lt\/#\/schema\/logo\/image\/","url":"https:\/\/memelwood.com\/wp-content\/uploads\/2025\/02\/cropped-MemelWood-juodas-logo.png","contentUrl":"https:\/\/memelwood.com\/wp-content\/uploads\/2025\/02\/cropped-MemelWood-juodas-logo.png","width":512,"height":512,"caption":"MemelWood"},"image":{"@id":"https:\/\/memelwood.com\/lt\/#\/schema\/logo\/image\/"}}]}},"_links":{"self":[{"href":"https:\/\/memelwood.com\/lt\/wp-json\/wp\/v2\/product\/5326","targetHints":{"allow":["GET"]}}],"collection":[{"href":"https:\/\/memelwood.com\/lt\/wp-json\/wp\/v2\/product"}],"about":[{"href":"https:\/\/memelwood.com\/lt\/wp-json\/wp\/v2\/types\/product"}],"replies":[{"embeddable":true,"href":"https:\/\/memelwood.com\/lt\/wp-json\/wp\/v2\/comments?post=5326"}],"wp:featuredmedia":[{"embeddable":true,"href":"https:\/\/memelwood.com\/lt\/wp-json\/wp\/v2\/media\/5354"}],"wp:attachment":[{"href":"https:\/\/memelwood.com\/lt\/wp-json\/wp\/v2\/media?parent=5326"}],"wp:term":[{"taxonomy":"product_cat","embeddable":true,"href":"https:\/\/memelwood.com\/lt\/wp-json\/wp\/v2\/product_cat?post=5326"},{"taxonomy":"product_tag","embeddable":true,"href":"https:\/\/memelwood.com\/lt\/wp-json\/wp\/v2\/product_tag?post=5326"}],"curies":[{"name":"wp","href":"https:\/\/api.w.org\/{rel}","templated":true}]}}