{"id":5293,"date":"2024-08-06T14:29:50","date_gmt":"2024-08-06T14:29:50","guid":{"rendered":"https:\/\/memelwood.com\/product\/akrilo-kvadratine-masazine-vonia-su-horizon-sildytuvu\/"},"modified":"2025-12-16T10:35:10","modified_gmt":"2025-12-16T08:35:10","slug":"kvadratinis-akrilo-kubilas-su-horizon-krosnele","status":"publish","type":"product","link":"https:\/\/memelwood.com\/lt\/produktas\/kvadratinis-akrilo-kubilas-su-horizon-krosnele\/","title":{"rendered":"Kvadratinis akrilo kubilas su Horizon krosnele"},"content":{"rendered":"","protected":false},"excerpt":{"rendered":"","protected":false},"featured_media":5303,"comment_status":"open","ping_status":"closed","template":"","meta":[],"product_cat":[88,89,93,87],"product_tag":[],"class_list":{"0":"post-5293","1":"product","2":"type-product","3":"status-publish","4":"has-post-thumbnail","6":"product_cat-akrilo-kubilai","7":"product_cat-elektriniai-kubilai","8":"product_cat-kvadratiniai-kubilai","9":"product_cat-visi-kubilai","10":"tm-has-options","12":"first","13":"instock","14":"taxable","15":"shipping-taxable","16":"purchasable","17":"product-type-simple"},"yoast_head":"<!-- This site is optimized with the Yoast SEO plugin v24.6 - https:\/\/yoast.com\/wordpress\/plugins\/seo\/ -->\n<title>Kvadratinis akrilo kubilas su Horizon krosnele<\/title>\n<meta name=\"description\" content=\"Patirkite i\u0161skirtin\u012f komfort\u0105 ir modern\u0173 dizain\u0105 su m\u016bs\u0173 kvadratiniu akrilo kubilu, kuriame \u012frengta inovatyvi Horizon krosnel\u0117. Horizon krosnel\u0117 yra \u012fmontuota kubilo \u0161one, ta\u010diau neu\u017eima papildomos vietos kubilo viduje, tod\u0117l daugiau \u017emoni\u0173 gali patogiai tilpti, i\u0161laikant kompakti\u0161k\u0105 dizain\u0105. Unikalus kvadratinis dizainas suteikia \u0161iam kubilui modern\u0173 stili\u0173, kuris i\u0161siskiria i\u0161 tradicini\u0173 apvali\u0173 modeli\u0173.\" \/>\n<meta name=\"robots\" content=\"index, follow, max-snippet:-1, max-image-preview:large, max-video-preview:-1\" \/>\n<link rel=\"canonical\" href=\"https:\/\/memelwood.com\/lt\/produktas\/kvadratinis-akrilo-kubilas-su-horizon-krosnele\/\" \/>\n<meta property=\"og:locale\" content=\"lt_LT\" \/>\n<meta property=\"og:type\" content=\"article\" \/>\n<meta property=\"og:title\" content=\"Kvadratinis akrilo kubilas su Horizon krosnele\" \/>\n<meta property=\"og:description\" content=\"Patirkite i\u0161skirtin\u012f komfort\u0105 ir modern\u0173 dizain\u0105 su m\u016bs\u0173 kvadratiniu akrilo kubilu, kuriame \u012frengta inovatyvi Horizon krosnel\u0117. Horizon krosnel\u0117 yra \u012fmontuota kubilo \u0161one, ta\u010diau neu\u017eima papildomos vietos kubilo viduje, tod\u0117l daugiau \u017emoni\u0173 gali patogiai tilpti, i\u0161laikant kompakti\u0161k\u0105 dizain\u0105. Unikalus kvadratinis dizainas suteikia \u0161iam kubilui modern\u0173 stili\u0173, kuris i\u0161siskiria i\u0161 tradicini\u0173 apvali\u0173 modeli\u0173.\" \/>\n<meta property=\"og:url\" content=\"https:\/\/memelwood.com\/lt\/produktas\/kvadratinis-akrilo-kubilas-su-horizon-krosnele\/\" \/>\n<meta property=\"og:site_name\" content=\"Memelwood\" \/>\n<meta property=\"article:modified_time\" content=\"2025-12-16T08:35:10+00:00\" \/>\n<meta property=\"og:image\" content=\"https:\/\/memelwood.com\/wp-content\/uploads\/2024\/08\/Rectangular_Horizontal_Thermowood_white.png\" \/>\n\t<meta property=\"og:image:width\" content=\"2000\" \/>\n\t<meta property=\"og:image:height\" content=\"2000\" \/>\n\t<meta property=\"og:image:type\" content=\"image\/png\" \/>\n<meta name=\"twitter:card\" content=\"summary_large_image\" \/>\n<script type=\"application\/ld+json\" class=\"yoast-schema-graph\">{\"@context\":\"https:\/\/schema.org\",\"@graph\":[{\"@type\":\"WebPage\",\"@id\":\"https:\/\/memelwood.com\/lt\/produktas\/kvadratinis-akrilo-kubilas-su-horizon-krosnele\/\",\"url\":\"https:\/\/memelwood.com\/lt\/produktas\/kvadratinis-akrilo-kubilas-su-horizon-krosnele\/\",\"name\":\"Kvadratinis akrilo kubilas su Horizon krosnele\",\"isPartOf\":{\"@id\":\"https:\/\/memelwood.com\/lt\/#website\"},\"primaryImageOfPage\":{\"@id\":\"https:\/\/memelwood.com\/lt\/produktas\/kvadratinis-akrilo-kubilas-su-horizon-krosnele\/#primaryimage\"},\"image\":{\"@id\":\"https:\/\/memelwood.com\/lt\/produktas\/kvadratinis-akrilo-kubilas-su-horizon-krosnele\/#primaryimage\"},\"thumbnailUrl\":\"https:\/\/memelwood.com\/wp-content\/uploads\/2024\/08\/Rectangular_Horizontal_Thermowood_white.png\",\"datePublished\":\"2024-08-06T14:29:50+00:00\",\"dateModified\":\"2025-12-16T08:35:10+00:00\",\"description\":\"Patirkite i\u0161skirtin\u012f komfort\u0105 ir modern\u0173 dizain\u0105 su m\u016bs\u0173 kvadratiniu akrilo kubilu, kuriame \u012frengta inovatyvi Horizon krosnel\u0117. Horizon krosnel\u0117 yra \u012fmontuota kubilo \u0161one, ta\u010diau neu\u017eima papildomos vietos kubilo viduje, tod\u0117l daugiau \u017emoni\u0173 gali patogiai tilpti, i\u0161laikant kompakti\u0161k\u0105 dizain\u0105. Unikalus kvadratinis dizainas suteikia \u0161iam kubilui modern\u0173 stili\u0173, kuris i\u0161siskiria i\u0161 tradicini\u0173 apvali\u0173 modeli\u0173.\",\"breadcrumb\":{\"@id\":\"https:\/\/memelwood.com\/lt\/produktas\/kvadratinis-akrilo-kubilas-su-horizon-krosnele\/#breadcrumb\"},\"inLanguage\":\"lt-LT\",\"potentialAction\":[{\"@type\":\"ReadAction\",\"target\":[\"https:\/\/memelwood.com\/lt\/produktas\/kvadratinis-akrilo-kubilas-su-horizon-krosnele\/\"]}]},{\"@type\":\"ImageObject\",\"inLanguage\":\"lt-LT\",\"@id\":\"https:\/\/memelwood.com\/lt\/produktas\/kvadratinis-akrilo-kubilas-su-horizon-krosnele\/#primaryimage\",\"url\":\"https:\/\/memelwood.com\/wp-content\/uploads\/2024\/08\/Rectangular_Horizontal_Thermowood_white.png\",\"contentUrl\":\"https:\/\/memelwood.com\/wp-content\/uploads\/2024\/08\/Rectangular_Horizontal_Thermowood_white.png\",\"width\":2000,\"height\":2000},{\"@type\":\"BreadcrumbList\",\"@id\":\"https:\/\/memelwood.com\/lt\/produktas\/kvadratinis-akrilo-kubilas-su-horizon-krosnele\/#breadcrumb\",\"itemListElement\":[{\"@type\":\"ListItem\",\"position\":1,\"name\":\"Strona g\u0142\u00f3wna\",\"item\":\"https:\/\/memelwood.com\/lt\/\"},{\"@type\":\"ListItem\",\"position\":2,\"name\":\"Produktai\",\"item\":\"https:\/\/memelwood.com\/lt\/shop\/\"},{\"@type\":\"ListItem\",\"position\":3,\"name\":\"Kvadratinis akrilo kubilas su Horizon krosnele\"}]},{\"@type\":\"WebSite\",\"@id\":\"https:\/\/memelwood.com\/lt\/#website\",\"url\":\"https:\/\/memelwood.com\/lt\/\",\"name\":\"Memelwood\",\"description\":\"Hot Tubs Factory\",\"publisher\":{\"@id\":\"https:\/\/memelwood.com\/lt\/#organization\"},\"potentialAction\":[{\"@type\":\"SearchAction\",\"target\":{\"@type\":\"EntryPoint\",\"urlTemplate\":\"https:\/\/memelwood.com\/lt\/?s={search_term_string}\"},\"query-input\":{\"@type\":\"PropertyValueSpecification\",\"valueRequired\":true,\"valueName\":\"search_term_string\"}}],\"inLanguage\":\"lt-LT\"},{\"@type\":\"Organization\",\"@id\":\"https:\/\/memelwood.com\/lt\/#organization\",\"name\":\"MemelWood\",\"url\":\"https:\/\/memelwood.com\/lt\/\",\"logo\":{\"@type\":\"ImageObject\",\"inLanguage\":\"lt-LT\",\"@id\":\"https:\/\/memelwood.com\/lt\/#\/schema\/logo\/image\/\",\"url\":\"https:\/\/memelwood.com\/wp-content\/uploads\/2025\/02\/cropped-MemelWood-juodas-logo.png\",\"contentUrl\":\"https:\/\/memelwood.com\/wp-content\/uploads\/2025\/02\/cropped-MemelWood-juodas-logo.png\",\"width\":512,\"height\":512,\"caption\":\"MemelWood\"},\"image\":{\"@id\":\"https:\/\/memelwood.com\/lt\/#\/schema\/logo\/image\/\"}}]}<\/script>\n<!-- \/ Yoast SEO plugin. -->","yoast_head_json":{"title":"Kvadratinis akrilo kubilas su Horizon krosnele","description":"Patirkite i\u0161skirtin\u012f komfort\u0105 ir modern\u0173 dizain\u0105 su m\u016bs\u0173 kvadratiniu akrilo kubilu, kuriame \u012frengta inovatyvi Horizon krosnel\u0117. Horizon krosnel\u0117 yra \u012fmontuota kubilo \u0161one, ta\u010diau neu\u017eima papildomos vietos kubilo viduje, tod\u0117l daugiau \u017emoni\u0173 gali patogiai tilpti, i\u0161laikant kompakti\u0161k\u0105 dizain\u0105. Unikalus kvadratinis dizainas suteikia \u0161iam kubilui modern\u0173 stili\u0173, kuris i\u0161siskiria i\u0161 tradicini\u0173 apvali\u0173 modeli\u0173.","robots":{"index":"index","follow":"follow","max-snippet":"max-snippet:-1","max-image-preview":"max-image-preview:large","max-video-preview":"max-video-preview:-1"},"canonical":"https:\/\/memelwood.com\/lt\/produktas\/kvadratinis-akrilo-kubilas-su-horizon-krosnele\/","og_locale":"lt_LT","og_type":"article","og_title":"Kvadratinis akrilo kubilas su Horizon krosnele","og_description":"Patirkite i\u0161skirtin\u012f komfort\u0105 ir modern\u0173 dizain\u0105 su m\u016bs\u0173 kvadratiniu akrilo kubilu, kuriame \u012frengta inovatyvi Horizon krosnel\u0117. Horizon krosnel\u0117 yra \u012fmontuota kubilo \u0161one, ta\u010diau neu\u017eima papildomos vietos kubilo viduje, tod\u0117l daugiau \u017emoni\u0173 gali patogiai tilpti, i\u0161laikant kompakti\u0161k\u0105 dizain\u0105. Unikalus kvadratinis dizainas suteikia \u0161iam kubilui modern\u0173 stili\u0173, kuris i\u0161siskiria i\u0161 tradicini\u0173 apvali\u0173 modeli\u0173.","og_url":"https:\/\/memelwood.com\/lt\/produktas\/kvadratinis-akrilo-kubilas-su-horizon-krosnele\/","og_site_name":"Memelwood","article_modified_time":"2025-12-16T08:35:10+00:00","og_image":[{"width":2000,"height":2000,"url":"https:\/\/memelwood.com\/wp-content\/uploads\/2024\/08\/Rectangular_Horizontal_Thermowood_white.png","type":"image\/png"}],"twitter_card":"summary_large_image","schema":{"@context":"https:\/\/schema.org","@graph":[{"@type":"WebPage","@id":"https:\/\/memelwood.com\/lt\/produktas\/kvadratinis-akrilo-kubilas-su-horizon-krosnele\/","url":"https:\/\/memelwood.com\/lt\/produktas\/kvadratinis-akrilo-kubilas-su-horizon-krosnele\/","name":"Kvadratinis akrilo kubilas su Horizon krosnele","isPartOf":{"@id":"https:\/\/memelwood.com\/lt\/#website"},"primaryImageOfPage":{"@id":"https:\/\/memelwood.com\/lt\/produktas\/kvadratinis-akrilo-kubilas-su-horizon-krosnele\/#primaryimage"},"image":{"@id":"https:\/\/memelwood.com\/lt\/produktas\/kvadratinis-akrilo-kubilas-su-horizon-krosnele\/#primaryimage"},"thumbnailUrl":"https:\/\/memelwood.com\/wp-content\/uploads\/2024\/08\/Rectangular_Horizontal_Thermowood_white.png","datePublished":"2024-08-06T14:29:50+00:00","dateModified":"2025-12-16T08:35:10+00:00","description":"Patirkite i\u0161skirtin\u012f komfort\u0105 ir modern\u0173 dizain\u0105 su m\u016bs\u0173 kvadratiniu akrilo kubilu, kuriame \u012frengta inovatyvi Horizon krosnel\u0117. Horizon krosnel\u0117 yra \u012fmontuota kubilo \u0161one, ta\u010diau neu\u017eima papildomos vietos kubilo viduje, tod\u0117l daugiau \u017emoni\u0173 gali patogiai tilpti, i\u0161laikant kompakti\u0161k\u0105 dizain\u0105. Unikalus kvadratinis dizainas suteikia \u0161iam kubilui modern\u0173 stili\u0173, kuris i\u0161siskiria i\u0161 tradicini\u0173 apvali\u0173 modeli\u0173.","breadcrumb":{"@id":"https:\/\/memelwood.com\/lt\/produktas\/kvadratinis-akrilo-kubilas-su-horizon-krosnele\/#breadcrumb"},"inLanguage":"lt-LT","potentialAction":[{"@type":"ReadAction","target":["https:\/\/memelwood.com\/lt\/produktas\/kvadratinis-akrilo-kubilas-su-horizon-krosnele\/"]}]},{"@type":"ImageObject","inLanguage":"lt-LT","@id":"https:\/\/memelwood.com\/lt\/produktas\/kvadratinis-akrilo-kubilas-su-horizon-krosnele\/#primaryimage","url":"https:\/\/memelwood.com\/wp-content\/uploads\/2024\/08\/Rectangular_Horizontal_Thermowood_white.png","contentUrl":"https:\/\/memelwood.com\/wp-content\/uploads\/2024\/08\/Rectangular_Horizontal_Thermowood_white.png","width":2000,"height":2000},{"@type":"BreadcrumbList","@id":"https:\/\/memelwood.com\/lt\/produktas\/kvadratinis-akrilo-kubilas-su-horizon-krosnele\/#breadcrumb","itemListElement":[{"@type":"ListItem","position":1,"name":"Strona g\u0142\u00f3wna","item":"https:\/\/memelwood.com\/lt\/"},{"@type":"ListItem","position":2,"name":"Produktai","item":"https:\/\/memelwood.com\/lt\/shop\/"},{"@type":"ListItem","position":3,"name":"Kvadratinis akrilo kubilas su Horizon krosnele"}]},{"@type":"WebSite","@id":"https:\/\/memelwood.com\/lt\/#website","url":"https:\/\/memelwood.com\/lt\/","name":"Memelwood","description":"Hot Tubs Factory","publisher":{"@id":"https:\/\/memelwood.com\/lt\/#organization"},"potentialAction":[{"@type":"SearchAction","target":{"@type":"EntryPoint","urlTemplate":"https:\/\/memelwood.com\/lt\/?s={search_term_string}"},"query-input":{"@type":"PropertyValueSpecification","valueRequired":true,"valueName":"search_term_string"}}],"inLanguage":"lt-LT"},{"@type":"Organization","@id":"https:\/\/memelwood.com\/lt\/#organization","name":"MemelWood","url":"https:\/\/memelwood.com\/lt\/","logo":{"@type":"ImageObject","inLanguage":"lt-LT","@id":"https:\/\/memelwood.com\/lt\/#\/schema\/logo\/image\/","url":"https:\/\/memelwood.com\/wp-content\/uploads\/2025\/02\/cropped-MemelWood-juodas-logo.png","contentUrl":"https:\/\/memelwood.com\/wp-content\/uploads\/2025\/02\/cropped-MemelWood-juodas-logo.png","width":512,"height":512,"caption":"MemelWood"},"image":{"@id":"https:\/\/memelwood.com\/lt\/#\/schema\/logo\/image\/"}}]}},"_links":{"self":[{"href":"https:\/\/memelwood.com\/lt\/wp-json\/wp\/v2\/product\/5293","targetHints":{"allow":["GET"]}}],"collection":[{"href":"https:\/\/memelwood.com\/lt\/wp-json\/wp\/v2\/product"}],"about":[{"href":"https:\/\/memelwood.com\/lt\/wp-json\/wp\/v2\/types\/product"}],"replies":[{"embeddable":true,"href":"https:\/\/memelwood.com\/lt\/wp-json\/wp\/v2\/comments?post=5293"}],"wp:featuredmedia":[{"embeddable":true,"href":"https:\/\/memelwood.com\/lt\/wp-json\/wp\/v2\/media\/5303"}],"wp:attachment":[{"href":"https:\/\/memelwood.com\/lt\/wp-json\/wp\/v2\/media?parent=5293"}],"wp:term":[{"taxonomy":"product_cat","embeddable":true,"href":"https:\/\/memelwood.com\/lt\/wp-json\/wp\/v2\/product_cat?post=5293"},{"taxonomy":"product_tag","embeddable":true,"href":"https:\/\/memelwood.com\/lt\/wp-json\/wp\/v2\/product_tag?post=5293"}],"curies":[{"name":"wp","href":"https:\/\/api.w.org\/{rel}","templated":true}]}}