{"id":5167,"date":"2022-11-09T14:58:24","date_gmt":"2022-11-09T14:58:24","guid":{"rendered":"https:\/\/memelwood.com\/product\/apvalus-stiklo-pluosto-kubilas-su-isoriniais-sildytuvais\/"},"modified":"2025-12-17T09:29:50","modified_gmt":"2025-12-17T07:29:50","slug":"apvalus-stiklo-pluosto-kubilas-su-isorine-krosnele","status":"publish","type":"product","link":"https:\/\/memelwood.com\/lt\/produktas\/apvalus-stiklo-pluosto-kubilas-su-isorine-krosnele\/","title":{"rendered":"Apvalus stiklo pluo\u0161to kubilas su i\u0161orine krosnele"},"content":{"rendered":"","protected":false},"excerpt":{"rendered":"","protected":false},"featured_media":5214,"comment_status":"open","ping_status":"closed","template":"","meta":[],"product_cat":[92,89,91,87],"product_tag":[],"class_list":{"0":"post-5167","1":"product","2":"type-product","3":"status-publish","4":"has-post-thumbnail","6":"product_cat-apvalus-kubilai","7":"product_cat-elektriniai-kubilai","8":"product_cat-stiklo-pluosto-kubilai","9":"product_cat-visi-kubilai","10":"tm-has-options","12":"first","13":"instock","14":"taxable","15":"shipping-taxable","16":"purchasable","17":"product-type-simple"},"yoast_head":"<!-- This site is optimized with the Yoast SEO plugin v24.6 - https:\/\/yoast.com\/wordpress\/plugins\/seo\/ -->\n<title>Apvalus stiklo pluo\u0161to kubilas su i\u0161orine krosnele<\/title>\n<meta name=\"description\" content=\"M\u0117gaukit\u0117s laisvu laiku su m\u016bs\u0173 apvaliu stiklo pluo\u0161to kubilu, kuriame krosnel\u0117 montuojama i\u0161or\u0117je, suteikiant daugiau vietos kubilo viduje. \u0160is sprendimas leis patogiai sutalpinti daugiau \u017emoni\u0173, u\u017etikrinant daugiau vietos ir komforto visiems, kurie m\u0117gaujasi kubilu.\" \/>\n<meta name=\"robots\" content=\"index, follow, max-snippet:-1, max-image-preview:large, max-video-preview:-1\" \/>\n<link rel=\"canonical\" href=\"https:\/\/memelwood.com\/lt\/produktas\/apvalus-stiklo-pluosto-kubilas-su-isorine-krosnele\/\" \/>\n<meta property=\"og:locale\" content=\"lt_LT\" \/>\n<meta property=\"og:type\" content=\"article\" \/>\n<meta property=\"og:title\" content=\"Apvalus stiklo pluo\u0161to kubilas su i\u0161orine krosnele\" \/>\n<meta property=\"og:description\" content=\"M\u0117gaukit\u0117s laisvu laiku su m\u016bs\u0173 apvaliu stiklo pluo\u0161to kubilu, kuriame krosnel\u0117 montuojama i\u0161or\u0117je, suteikiant daugiau vietos kubilo viduje. \u0160is sprendimas leis patogiai sutalpinti daugiau \u017emoni\u0173, u\u017etikrinant daugiau vietos ir komforto visiems, kurie m\u0117gaujasi kubilu.\" \/>\n<meta property=\"og:url\" content=\"https:\/\/memelwood.com\/lt\/produktas\/apvalus-stiklo-pluosto-kubilas-su-isorine-krosnele\/\" \/>\n<meta property=\"og:site_name\" content=\"Memelwood\" \/>\n<meta property=\"article:modified_time\" content=\"2025-12-17T07:29:50+00:00\" \/>\n<meta property=\"og:image\" content=\"https:\/\/memelwood.com\/wp-content\/uploads\/2022\/11\/Deluxe_External_WPC_Black_grey.png\" \/>\n\t<meta property=\"og:image:width\" content=\"2000\" \/>\n\t<meta property=\"og:image:height\" content=\"2000\" \/>\n\t<meta property=\"og:image:type\" content=\"image\/png\" \/>\n<meta name=\"twitter:card\" content=\"summary_large_image\" \/>\n<script type=\"application\/ld+json\" class=\"yoast-schema-graph\">{\"@context\":\"https:\/\/schema.org\",\"@graph\":[{\"@type\":\"WebPage\",\"@id\":\"https:\/\/memelwood.com\/lt\/produktas\/apvalus-stiklo-pluosto-kubilas-su-isorine-krosnele\/\",\"url\":\"https:\/\/memelwood.com\/lt\/produktas\/apvalus-stiklo-pluosto-kubilas-su-isorine-krosnele\/\",\"name\":\"Apvalus stiklo pluo\u0161to kubilas su i\u0161orine krosnele\",\"isPartOf\":{\"@id\":\"https:\/\/memelwood.com\/lt\/#website\"},\"primaryImageOfPage\":{\"@id\":\"https:\/\/memelwood.com\/lt\/produktas\/apvalus-stiklo-pluosto-kubilas-su-isorine-krosnele\/#primaryimage\"},\"image\":{\"@id\":\"https:\/\/memelwood.com\/lt\/produktas\/apvalus-stiklo-pluosto-kubilas-su-isorine-krosnele\/#primaryimage\"},\"thumbnailUrl\":\"https:\/\/memelwood.com\/wp-content\/uploads\/2022\/11\/Deluxe_External_WPC_Black_grey.png\",\"datePublished\":\"2022-11-09T14:58:24+00:00\",\"dateModified\":\"2025-12-17T07:29:50+00:00\",\"description\":\"M\u0117gaukit\u0117s laisvu laiku su m\u016bs\u0173 apvaliu stiklo pluo\u0161to kubilu, kuriame krosnel\u0117 montuojama i\u0161or\u0117je, suteikiant daugiau vietos kubilo viduje. \u0160is sprendimas leis patogiai sutalpinti daugiau \u017emoni\u0173, u\u017etikrinant daugiau vietos ir komforto visiems, kurie m\u0117gaujasi kubilu.\",\"breadcrumb\":{\"@id\":\"https:\/\/memelwood.com\/lt\/produktas\/apvalus-stiklo-pluosto-kubilas-su-isorine-krosnele\/#breadcrumb\"},\"inLanguage\":\"lt-LT\",\"potentialAction\":[{\"@type\":\"ReadAction\",\"target\":[\"https:\/\/memelwood.com\/lt\/produktas\/apvalus-stiklo-pluosto-kubilas-su-isorine-krosnele\/\"]}]},{\"@type\":\"ImageObject\",\"inLanguage\":\"lt-LT\",\"@id\":\"https:\/\/memelwood.com\/lt\/produktas\/apvalus-stiklo-pluosto-kubilas-su-isorine-krosnele\/#primaryimage\",\"url\":\"https:\/\/memelwood.com\/wp-content\/uploads\/2022\/11\/Deluxe_External_WPC_Black_grey.png\",\"contentUrl\":\"https:\/\/memelwood.com\/wp-content\/uploads\/2022\/11\/Deluxe_External_WPC_Black_grey.png\",\"width\":2000,\"height\":2000},{\"@type\":\"BreadcrumbList\",\"@id\":\"https:\/\/memelwood.com\/lt\/produktas\/apvalus-stiklo-pluosto-kubilas-su-isorine-krosnele\/#breadcrumb\",\"itemListElement\":[{\"@type\":\"ListItem\",\"position\":1,\"name\":\"Strona g\u0142\u00f3wna\",\"item\":\"https:\/\/memelwood.com\/lt\/\"},{\"@type\":\"ListItem\",\"position\":2,\"name\":\"Produktai\",\"item\":\"https:\/\/memelwood.com\/lt\/shop\/\"},{\"@type\":\"ListItem\",\"position\":3,\"name\":\"Apvalus stiklo pluo\u0161to kubilas su i\u0161orine krosnele\"}]},{\"@type\":\"WebSite\",\"@id\":\"https:\/\/memelwood.com\/lt\/#website\",\"url\":\"https:\/\/memelwood.com\/lt\/\",\"name\":\"Memelwood\",\"description\":\"Hot Tubs Factory\",\"publisher\":{\"@id\":\"https:\/\/memelwood.com\/lt\/#organization\"},\"potentialAction\":[{\"@type\":\"SearchAction\",\"target\":{\"@type\":\"EntryPoint\",\"urlTemplate\":\"https:\/\/memelwood.com\/lt\/?s={search_term_string}\"},\"query-input\":{\"@type\":\"PropertyValueSpecification\",\"valueRequired\":true,\"valueName\":\"search_term_string\"}}],\"inLanguage\":\"lt-LT\"},{\"@type\":\"Organization\",\"@id\":\"https:\/\/memelwood.com\/lt\/#organization\",\"name\":\"MemelWood\",\"url\":\"https:\/\/memelwood.com\/lt\/\",\"logo\":{\"@type\":\"ImageObject\",\"inLanguage\":\"lt-LT\",\"@id\":\"https:\/\/memelwood.com\/lt\/#\/schema\/logo\/image\/\",\"url\":\"https:\/\/memelwood.com\/wp-content\/uploads\/2025\/02\/cropped-MemelWood-juodas-logo.png\",\"contentUrl\":\"https:\/\/memelwood.com\/wp-content\/uploads\/2025\/02\/cropped-MemelWood-juodas-logo.png\",\"width\":512,\"height\":512,\"caption\":\"MemelWood\"},\"image\":{\"@id\":\"https:\/\/memelwood.com\/lt\/#\/schema\/logo\/image\/\"}}]}<\/script>\n<!-- \/ Yoast SEO plugin. -->","yoast_head_json":{"title":"Apvalus stiklo pluo\u0161to kubilas su i\u0161orine krosnele","description":"M\u0117gaukit\u0117s laisvu laiku su m\u016bs\u0173 apvaliu stiklo pluo\u0161to kubilu, kuriame krosnel\u0117 montuojama i\u0161or\u0117je, suteikiant daugiau vietos kubilo viduje. \u0160is sprendimas leis patogiai sutalpinti daugiau \u017emoni\u0173, u\u017etikrinant daugiau vietos ir komforto visiems, kurie m\u0117gaujasi kubilu.","robots":{"index":"index","follow":"follow","max-snippet":"max-snippet:-1","max-image-preview":"max-image-preview:large","max-video-preview":"max-video-preview:-1"},"canonical":"https:\/\/memelwood.com\/lt\/produktas\/apvalus-stiklo-pluosto-kubilas-su-isorine-krosnele\/","og_locale":"lt_LT","og_type":"article","og_title":"Apvalus stiklo pluo\u0161to kubilas su i\u0161orine krosnele","og_description":"M\u0117gaukit\u0117s laisvu laiku su m\u016bs\u0173 apvaliu stiklo pluo\u0161to kubilu, kuriame krosnel\u0117 montuojama i\u0161or\u0117je, suteikiant daugiau vietos kubilo viduje. \u0160is sprendimas leis patogiai sutalpinti daugiau \u017emoni\u0173, u\u017etikrinant daugiau vietos ir komforto visiems, kurie m\u0117gaujasi kubilu.","og_url":"https:\/\/memelwood.com\/lt\/produktas\/apvalus-stiklo-pluosto-kubilas-su-isorine-krosnele\/","og_site_name":"Memelwood","article_modified_time":"2025-12-17T07:29:50+00:00","og_image":[{"width":2000,"height":2000,"url":"https:\/\/memelwood.com\/wp-content\/uploads\/2022\/11\/Deluxe_External_WPC_Black_grey.png","type":"image\/png"}],"twitter_card":"summary_large_image","schema":{"@context":"https:\/\/schema.org","@graph":[{"@type":"WebPage","@id":"https:\/\/memelwood.com\/lt\/produktas\/apvalus-stiklo-pluosto-kubilas-su-isorine-krosnele\/","url":"https:\/\/memelwood.com\/lt\/produktas\/apvalus-stiklo-pluosto-kubilas-su-isorine-krosnele\/","name":"Apvalus stiklo pluo\u0161to kubilas su i\u0161orine krosnele","isPartOf":{"@id":"https:\/\/memelwood.com\/lt\/#website"},"primaryImageOfPage":{"@id":"https:\/\/memelwood.com\/lt\/produktas\/apvalus-stiklo-pluosto-kubilas-su-isorine-krosnele\/#primaryimage"},"image":{"@id":"https:\/\/memelwood.com\/lt\/produktas\/apvalus-stiklo-pluosto-kubilas-su-isorine-krosnele\/#primaryimage"},"thumbnailUrl":"https:\/\/memelwood.com\/wp-content\/uploads\/2022\/11\/Deluxe_External_WPC_Black_grey.png","datePublished":"2022-11-09T14:58:24+00:00","dateModified":"2025-12-17T07:29:50+00:00","description":"M\u0117gaukit\u0117s laisvu laiku su m\u016bs\u0173 apvaliu stiklo pluo\u0161to kubilu, kuriame krosnel\u0117 montuojama i\u0161or\u0117je, suteikiant daugiau vietos kubilo viduje. \u0160is sprendimas leis patogiai sutalpinti daugiau \u017emoni\u0173, u\u017etikrinant daugiau vietos ir komforto visiems, kurie m\u0117gaujasi kubilu.","breadcrumb":{"@id":"https:\/\/memelwood.com\/lt\/produktas\/apvalus-stiklo-pluosto-kubilas-su-isorine-krosnele\/#breadcrumb"},"inLanguage":"lt-LT","potentialAction":[{"@type":"ReadAction","target":["https:\/\/memelwood.com\/lt\/produktas\/apvalus-stiklo-pluosto-kubilas-su-isorine-krosnele\/"]}]},{"@type":"ImageObject","inLanguage":"lt-LT","@id":"https:\/\/memelwood.com\/lt\/produktas\/apvalus-stiklo-pluosto-kubilas-su-isorine-krosnele\/#primaryimage","url":"https:\/\/memelwood.com\/wp-content\/uploads\/2022\/11\/Deluxe_External_WPC_Black_grey.png","contentUrl":"https:\/\/memelwood.com\/wp-content\/uploads\/2022\/11\/Deluxe_External_WPC_Black_grey.png","width":2000,"height":2000},{"@type":"BreadcrumbList","@id":"https:\/\/memelwood.com\/lt\/produktas\/apvalus-stiklo-pluosto-kubilas-su-isorine-krosnele\/#breadcrumb","itemListElement":[{"@type":"ListItem","position":1,"name":"Strona g\u0142\u00f3wna","item":"https:\/\/memelwood.com\/lt\/"},{"@type":"ListItem","position":2,"name":"Produktai","item":"https:\/\/memelwood.com\/lt\/shop\/"},{"@type":"ListItem","position":3,"name":"Apvalus stiklo pluo\u0161to kubilas su i\u0161orine krosnele"}]},{"@type":"WebSite","@id":"https:\/\/memelwood.com\/lt\/#website","url":"https:\/\/memelwood.com\/lt\/","name":"Memelwood","description":"Hot Tubs Factory","publisher":{"@id":"https:\/\/memelwood.com\/lt\/#organization"},"potentialAction":[{"@type":"SearchAction","target":{"@type":"EntryPoint","urlTemplate":"https:\/\/memelwood.com\/lt\/?s={search_term_string}"},"query-input":{"@type":"PropertyValueSpecification","valueRequired":true,"valueName":"search_term_string"}}],"inLanguage":"lt-LT"},{"@type":"Organization","@id":"https:\/\/memelwood.com\/lt\/#organization","name":"MemelWood","url":"https:\/\/memelwood.com\/lt\/","logo":{"@type":"ImageObject","inLanguage":"lt-LT","@id":"https:\/\/memelwood.com\/lt\/#\/schema\/logo\/image\/","url":"https:\/\/memelwood.com\/wp-content\/uploads\/2025\/02\/cropped-MemelWood-juodas-logo.png","contentUrl":"https:\/\/memelwood.com\/wp-content\/uploads\/2025\/02\/cropped-MemelWood-juodas-logo.png","width":512,"height":512,"caption":"MemelWood"},"image":{"@id":"https:\/\/memelwood.com\/lt\/#\/schema\/logo\/image\/"}}]}},"_links":{"self":[{"href":"https:\/\/memelwood.com\/lt\/wp-json\/wp\/v2\/product\/5167","targetHints":{"allow":["GET"]}}],"collection":[{"href":"https:\/\/memelwood.com\/lt\/wp-json\/wp\/v2\/product"}],"about":[{"href":"https:\/\/memelwood.com\/lt\/wp-json\/wp\/v2\/types\/product"}],"replies":[{"embeddable":true,"href":"https:\/\/memelwood.com\/lt\/wp-json\/wp\/v2\/comments?post=5167"}],"wp:featuredmedia":[{"embeddable":true,"href":"https:\/\/memelwood.com\/lt\/wp-json\/wp\/v2\/media\/5214"}],"wp:attachment":[{"href":"https:\/\/memelwood.com\/lt\/wp-json\/wp\/v2\/media?parent=5167"}],"wp:term":[{"taxonomy":"product_cat","embeddable":true,"href":"https:\/\/memelwood.com\/lt\/wp-json\/wp\/v2\/product_cat?post=5167"},{"taxonomy":"product_tag","embeddable":true,"href":"https:\/\/memelwood.com\/lt\/wp-json\/wp\/v2\/product_tag?post=5167"}],"curies":[{"name":"wp","href":"https:\/\/api.w.org\/{rel}","templated":true}]}}