{"id":4969,"date":"2022-11-04T15:08:56","date_gmt":"2022-11-04T13:08:56","guid":{"rendered":"https:\/\/memelwood.com\/apie-mus\/"},"modified":"2026-01-12T09:15:32","modified_gmt":"2026-01-12T07:15:32","slug":"apie-mus","status":"publish","type":"page","link":"https:\/\/memelwood.com\/lt\/apie-mus\/","title":{"rendered":"Apie mus"},"content":{"rendered":"<div class=\"is-divider divider clearfix\" ><\/div>\n\t<div id=\"text-1599218314\" class=\"text\">\n\t\t\n<h1>APIE MUS<\/h1>\n\t\t\n<style>\n#text-1599218314 {\n  text-align: center;\n}\n<\/style>\n\t<\/div>\n\t\n<div class=\"is-divider divider clearfix\" style=\"height:30px;\"><\/div>\n<div class=\"row\"  id=\"row-1416000074\">\n\n\t<div id=\"col-1168395201\" class=\"col medium-6 small-12 large-6\"  >\n\t\t\t\t<div class=\"col-inner\"  >\n\t\t\t\n\t\t\t\n\t<div id=\"text-783625742\" class=\"text\">\n\t\t\n<p data-start=\"0\" data-end=\"56\"><strong data-start=\"0\" data-end=\"56\">MEMELWOOD \u2013 pirmaujantis kubil\u0173 gamintojas Lietuvoje.<\/strong><\/p>\n<p data-start=\"58\" data-end=\"308\">Tur\u0117dama daugiau nei <strong>14 met\u0173 patirt\u012f<\/strong>, \u201eMemelwood\u201c \u012fsitvirtino kaip vienas i\u0161 pirmaujan\u010di\u0173 auk\u0161\u010diausios kokyb\u0117s kubil\u0173 gamintoj\u0173 Lietuvoje. Iki \u0161iol esame pagamin\u0119 <strong>daugiau nei 15 000 kubil\u0173<\/strong>, taip nustatydami kokyb\u0117s ir meistri\u0161kumo standartus rinkoje.<\/p>\n<p data-start=\"310\" data-end=\"632\">M\u016bs\u0173 \u012fmon\u0117 \u012fsik\u016brusi Tel\u0161i\u0173 rajone ir veikia <strong>4 000 kv. m gamybin\u0117se patalpose<\/strong>, kuriose dirba <strong>40 patyrusi\u0173 specialist\u0173<\/strong>, u\u017etikrinan\u010di\u0173 auk\u0161\u010diausius gamybos standartus.<\/p>\n<p data-start=\"310\" data-end=\"632\">Bendradarbiaujame su partneriais visoje Europoje ir savo produkcij\u0105 eksportuojame \u012f <strong>22 Europos \u0161alis<\/strong>, taip stiprindami savo pozicijas tarptautin\u0117je rinkoje.<\/p>\n<p data-start=\"634\" data-end=\"895\">\u201eMemelwood\u201c yra <strong>nuosekliai auganti \u012fmon\u0117<\/strong>, turinti tvirt\u0105 ir patikim\u0105 reputacij\u0105. Nuo 2015 met\u0173 esame apdovanoti presti\u017einiais <strong>\u201eStipriausi Lietuvoje\u201c<\/strong> ir <strong>\u201eGazel\u0117\u201c<\/strong> apdovanojimais, kurie patvirtina m\u016bs\u0173 finansin\u012f stabilum\u0105, patikimum\u0105 ir siek\u012f auk\u0161\u010diausios kokyb\u0117s.<\/p>\n<p data-start=\"897\" data-end=\"1143\">Dirbame su pasaulyje gerai \u017einomais preki\u0173 \u017eenklais, tokiais kaip <strong>\u201eGecko\u201c, \u201ePahlen\u201c, \u201eSteinbach\u201c, \u201eBlue Lagoon\u201c, \u201eRexnordic\u201c, \u201eNevotex\u201c, \u201eMountfield\u201c<\/strong> ir kitais, tod\u0117l galime u\u017etikrinti, kad m\u016bs\u0173 gaminiai atitinka auk\u0161\u010diausius rinkos standartus.<\/p>\n<p data-start=\"1145\" data-end=\"1507\">M\u016bs\u0173 asortiment\u0105 sudaro <strong>22 skirtingi kubil\u0173 modeliai<\/strong> ir <strong>daugiau nei 40 pried\u0173<\/strong>, leid\u017eian\u010di\u0173 klientams pilnai sukomplektuoti individual\u0173 kubil\u0105 pagal savo poreikius.<\/p>\n<p data-start=\"1145\" data-end=\"1507\">Naudodami pa\u017eangi\u0105<strong> termoformavimo technologij\u0105<\/strong>, gaminame auk\u0161tos kokyb\u0117s kubil\u0173 \u012fd\u0117klus, o <strong>sertifikuot\u0105 medien\u0105<\/strong> tiekiame i\u0161 Suomijos, \u0160vedijos ir Kanados, taip u\u017etikrindami ilgaam\u017ei\u0161kum\u0105 ir tvarum\u0105.<\/p>\n<p data-start=\"1509\" data-end=\"1757\">Visi m\u016bs\u0173 kubilai komplektuojami su <strong>CE sertifikuotomis krosnel\u0117mis<\/strong>, atitinkan\u010diomis auk\u0161tus saugumo ir kokyb\u0117s reikalavimus.<\/p>\n<p data-start=\"1509\" data-end=\"1757\">Si\u016blome <strong>greit\u0105 gamybos laik\u0105<\/strong> ir <strong>2 met\u0173 garantij\u0105<\/strong> visiems gaminiams, taip u\u017etikrindami patikimum\u0105 ir klient\u0173 pasitenkinim\u0105.<\/p>\n<p data-start=\"1759\" data-end=\"2047\" data-is-last-node=\"\" data-is-only-node=\"\">\u201eMemelwood\u201c yra j\u016bs\u0173 <strong>patikimas partneris<\/strong> si\u016blantis stabil\u0173 tiekim\u0105, i\u0161skirtin\u012f meistri\u0161kum\u0105 ir lanks\u010dias komplektacijos galimybes.\u00a0<\/p>\n\t\t\n<style>\n#text-783625742 {\n  text-align: left;\n}\n<\/style>\n\t<\/div>\n\t\n\t\t<\/div>\n\t\t\t\t\t<\/div>\n\n\t\n\n\t<div id=\"col-1146800568\" class=\"col medium-6 small-12 large-6\"  >\n\t\t\t\t<div class=\"col-inner\"  >\n\t\t\t\n\t\t\t\n<div class=\"video video-fit mb\" style=\"padding-top:56.25%;\"><p><iframe loading=\"lazy\" title=\"MEMELWOOD - Hot Tubs Factory\" width=\"1020\" height=\"574\" src=\"https:\/\/www.youtube.com\/embed\/IyPNC0lI_60?feature=oembed\" frameborder=\"0\" allow=\"accelerometer; autoplay; clipboard-write; encrypted-media; gyroscope; picture-in-picture; web-share\" referrerpolicy=\"strict-origin-when-cross-origin\" allowfullscreen><\/iframe><\/p>\n<\/div>\n\t<div class=\"img has-hover x md-x lg-x y md-y lg-y\" id=\"image_2080962747\">\n\t\t\t\t\t\t\t\t<div class=\"img-inner dark\" >\n\t\t\t<img loading=\"lazy\" decoding=\"async\" width=\"1020\" height=\"680\" src=\"https:\/\/memelwood.com\/wp-content\/uploads\/2025\/02\/awards-1024x683.jpg\" class=\"attachment-large size-large\" alt=\"\" srcset=\"https:\/\/memelwood.com\/wp-content\/uploads\/2025\/02\/awards-1024x683.jpg 1024w, https:\/\/memelwood.com\/wp-content\/uploads\/2025\/02\/awards-300x200.jpg 300w, https:\/\/memelwood.com\/wp-content\/uploads\/2025\/02\/awards-768x512.jpg 768w, https:\/\/memelwood.com\/wp-content\/uploads\/2025\/02\/awards-600x400.jpg 600w, https:\/\/memelwood.com\/wp-content\/uploads\/2025\/02\/awards.jpg 1500w\" sizes=\"auto, (max-width: 1020px) 100vw, 1020px\" \/>\t\t\t\t\t\t\n\t\t\t\t\t<\/div>\n\t\t\t\t\t\t\t\t\n<style>\n#image_2080962747 {\n  width: 100%;\n}\n<\/style>\n\t<\/div>\n\t\n\t\t<\/div>\n\t\t\t\t\t<\/div>\n\n\t\n<\/div>\n","protected":false},"excerpt":{"rendered":"","protected":false},"author":12,"featured_media":0,"parent":0,"menu_order":0,"comment_status":"closed","ping_status":"closed","template":"","meta":{"footnotes":""},"class_list":["post-4969","page","type-page","status-publish","hentry"],"yoast_head":"<!-- This site is optimized with the Yoast SEO plugin v24.6 - https:\/\/yoast.com\/wordpress\/plugins\/seo\/ -->\n<title>Apie mus<\/title>\n<meta name=\"robots\" content=\"index, follow, max-snippet:-1, max-image-preview:large, max-video-preview:-1\" \/>\n<link rel=\"canonical\" href=\"https:\/\/memelwood.com\/lt\/apie-mus\/\" \/>\n<meta property=\"og:locale\" content=\"lt_LT\" \/>\n<meta property=\"og:type\" content=\"article\" \/>\n<meta property=\"og:title\" content=\"Apie mus\" \/>\n<meta property=\"og:url\" content=\"https:\/\/memelwood.com\/lt\/apie-mus\/\" \/>\n<meta property=\"og:site_name\" content=\"Memelwood\" \/>\n<meta property=\"article:modified_time\" content=\"2026-01-12T07:15:32+00:00\" \/>\n<meta name=\"twitter:card\" content=\"summary_large_image\" \/>\n<meta name=\"twitter:label1\" content=\"Est. reading time\" \/>\n\t<meta name=\"twitter:data1\" content=\"2 minut\u0117s\" \/>\n<script type=\"application\/ld+json\" class=\"yoast-schema-graph\">{\"@context\":\"https:\/\/schema.org\",\"@graph\":[{\"@type\":\"WebPage\",\"@id\":\"https:\/\/memelwood.com\/lt\/apie-mus\/\",\"url\":\"https:\/\/memelwood.com\/lt\/apie-mus\/\",\"name\":\"Apie mus\",\"isPartOf\":{\"@id\":\"https:\/\/memelwood.com\/lt\/#website\"},\"datePublished\":\"2022-11-04T13:08:56+00:00\",\"dateModified\":\"2026-01-12T07:15:32+00:00\",\"breadcrumb\":{\"@id\":\"https:\/\/memelwood.com\/lt\/apie-mus\/#breadcrumb\"},\"inLanguage\":\"lt-LT\",\"potentialAction\":[{\"@type\":\"ReadAction\",\"target\":[\"https:\/\/memelwood.com\/lt\/apie-mus\/\"]}]},{\"@type\":\"BreadcrumbList\",\"@id\":\"https:\/\/memelwood.com\/lt\/apie-mus\/#breadcrumb\",\"itemListElement\":[{\"@type\":\"ListItem\",\"position\":1,\"name\":\"Strona g\u0142\u00f3wna\",\"item\":\"https:\/\/memelwood.com\/lt\/\"},{\"@type\":\"ListItem\",\"position\":2,\"name\":\"Apie mus\"}]},{\"@type\":\"WebSite\",\"@id\":\"https:\/\/memelwood.com\/lt\/#website\",\"url\":\"https:\/\/memelwood.com\/lt\/\",\"name\":\"Memelwood\",\"description\":\"Hot Tubs Factory\",\"publisher\":{\"@id\":\"https:\/\/memelwood.com\/lt\/#organization\"},\"potentialAction\":[{\"@type\":\"SearchAction\",\"target\":{\"@type\":\"EntryPoint\",\"urlTemplate\":\"https:\/\/memelwood.com\/lt\/?s={search_term_string}\"},\"query-input\":{\"@type\":\"PropertyValueSpecification\",\"valueRequired\":true,\"valueName\":\"search_term_string\"}}],\"inLanguage\":\"lt-LT\"},{\"@type\":\"Organization\",\"@id\":\"https:\/\/memelwood.com\/lt\/#organization\",\"name\":\"MemelWood\",\"url\":\"https:\/\/memelwood.com\/lt\/\",\"logo\":{\"@type\":\"ImageObject\",\"inLanguage\":\"lt-LT\",\"@id\":\"https:\/\/memelwood.com\/lt\/#\/schema\/logo\/image\/\",\"url\":\"https:\/\/memelwood.com\/wp-content\/uploads\/2025\/02\/cropped-MemelWood-juodas-logo.png\",\"contentUrl\":\"https:\/\/memelwood.com\/wp-content\/uploads\/2025\/02\/cropped-MemelWood-juodas-logo.png\",\"width\":512,\"height\":512,\"caption\":\"MemelWood\"},\"image\":{\"@id\":\"https:\/\/memelwood.com\/lt\/#\/schema\/logo\/image\/\"}}]}<\/script>\n<!-- \/ Yoast SEO plugin. -->","yoast_head_json":{"title":"Apie mus","robots":{"index":"index","follow":"follow","max-snippet":"max-snippet:-1","max-image-preview":"max-image-preview:large","max-video-preview":"max-video-preview:-1"},"canonical":"https:\/\/memelwood.com\/lt\/apie-mus\/","og_locale":"lt_LT","og_type":"article","og_title":"Apie mus","og_url":"https:\/\/memelwood.com\/lt\/apie-mus\/","og_site_name":"Memelwood","article_modified_time":"2026-01-12T07:15:32+00:00","twitter_card":"summary_large_image","twitter_misc":{"Est. reading time":"2 minut\u0117s"},"schema":{"@context":"https:\/\/schema.org","@graph":[{"@type":"WebPage","@id":"https:\/\/memelwood.com\/lt\/apie-mus\/","url":"https:\/\/memelwood.com\/lt\/apie-mus\/","name":"Apie mus","isPartOf":{"@id":"https:\/\/memelwood.com\/lt\/#website"},"datePublished":"2022-11-04T13:08:56+00:00","dateModified":"2026-01-12T07:15:32+00:00","breadcrumb":{"@id":"https:\/\/memelwood.com\/lt\/apie-mus\/#breadcrumb"},"inLanguage":"lt-LT","potentialAction":[{"@type":"ReadAction","target":["https:\/\/memelwood.com\/lt\/apie-mus\/"]}]},{"@type":"BreadcrumbList","@id":"https:\/\/memelwood.com\/lt\/apie-mus\/#breadcrumb","itemListElement":[{"@type":"ListItem","position":1,"name":"Strona g\u0142\u00f3wna","item":"https:\/\/memelwood.com\/lt\/"},{"@type":"ListItem","position":2,"name":"Apie mus"}]},{"@type":"WebSite","@id":"https:\/\/memelwood.com\/lt\/#website","url":"https:\/\/memelwood.com\/lt\/","name":"Memelwood","description":"Hot Tubs Factory","publisher":{"@id":"https:\/\/memelwood.com\/lt\/#organization"},"potentialAction":[{"@type":"SearchAction","target":{"@type":"EntryPoint","urlTemplate":"https:\/\/memelwood.com\/lt\/?s={search_term_string}"},"query-input":{"@type":"PropertyValueSpecification","valueRequired":true,"valueName":"search_term_string"}}],"inLanguage":"lt-LT"},{"@type":"Organization","@id":"https:\/\/memelwood.com\/lt\/#organization","name":"MemelWood","url":"https:\/\/memelwood.com\/lt\/","logo":{"@type":"ImageObject","inLanguage":"lt-LT","@id":"https:\/\/memelwood.com\/lt\/#\/schema\/logo\/image\/","url":"https:\/\/memelwood.com\/wp-content\/uploads\/2025\/02\/cropped-MemelWood-juodas-logo.png","contentUrl":"https:\/\/memelwood.com\/wp-content\/uploads\/2025\/02\/cropped-MemelWood-juodas-logo.png","width":512,"height":512,"caption":"MemelWood"},"image":{"@id":"https:\/\/memelwood.com\/lt\/#\/schema\/logo\/image\/"}}]}},"_links":{"self":[{"href":"https:\/\/memelwood.com\/lt\/wp-json\/wp\/v2\/pages\/4969","targetHints":{"allow":["GET"]}}],"collection":[{"href":"https:\/\/memelwood.com\/lt\/wp-json\/wp\/v2\/pages"}],"about":[{"href":"https:\/\/memelwood.com\/lt\/wp-json\/wp\/v2\/types\/page"}],"author":[{"embeddable":true,"href":"https:\/\/memelwood.com\/lt\/wp-json\/wp\/v2\/users\/12"}],"replies":[{"embeddable":true,"href":"https:\/\/memelwood.com\/lt\/wp-json\/wp\/v2\/comments?post=4969"}],"version-history":[{"count":5,"href":"https:\/\/memelwood.com\/lt\/wp-json\/wp\/v2\/pages\/4969\/revisions"}],"predecessor-version":[{"id":5904,"href":"https:\/\/memelwood.com\/lt\/wp-json\/wp\/v2\/pages\/4969\/revisions\/5904"}],"wp:attachment":[{"href":"https:\/\/memelwood.com\/lt\/wp-json\/wp\/v2\/media?parent=4969"}],"curies":[{"name":"wp","href":"https:\/\/api.w.org\/{rel}","templated":true}]}}